{"id":32547,"date":"2019-06-03T17:51:59","date_gmt":"2019-06-03T15:51:59","guid":{"rendered":"https:\/\/capacitador.es\/superacio-de-dificultats-aprendre-a-apoderar-se\/"},"modified":"2019-06-26T13:47:23","modified_gmt":"2019-06-26T11:47:23","slug":"superacio-de-dificultats-aprendre-a-apoderar-se","status":"publish","type":"page","link":"https:\/\/capacitador.es\/ca\/superacio-de-dificultats-aprendre-a-apoderar-se\/","title":{"rendered":"Superaci\u00f3 de dificultats. Aprendre a apoderar-se"},"content":{"rendered":"<p>[et_pb_section fb_built=&#8221;1&#8243; admin_label=&#8221;section&#8221; _builder_version=&#8221;3.22.3&#8243;][et_pb_row admin_label=&#8221;row&#8221; _builder_version=&#8221;3.22.3&#8243; background_size=&#8221;initial&#8221; background_position=&#8221;top_left&#8221; background_repeat=&#8221;repeat&#8221;][et_pb_column type=&#8221;4_4&#8243; _builder_version=&#8221;3.0.47&#8243;][et_pb_text admin_label=&#8221;Text&#8221; _builder_version=&#8221;3.23.3&#8243; background_size=&#8221;initial&#8221; background_position=&#8221;top_left&#8221; background_repeat=&#8221;repeat&#8221;]<\/p>\n<p><strong>Apoderament<\/strong> \u00e9s la capacitat d&#8217;actuar, de superar dificultats, d&#8217;aconseguir reptes.<\/p>\n<p><strong>Com es pot fomentar l&#8217;apoderament?<\/strong> Et propose aquesta formaci\u00f3 d&#8217;agost per tal que aprengues a construir-lo.<\/p>\n<p>El prop\u00f2sit d&#8217;aquest curs \u00e9s aprendre a identificar i<strong> desenvolupar habilitats i actituds que ajuden a superar obstacles vitals i professionals.<\/strong><\/p>\n<p>Alguns beneficis d&#8217;aquesta formaci\u00f3:<\/p>\n<ul>\n<li>Adaptaci\u00f3 als canvis de la vida i del treball.<\/li>\n<li>Potenciaci\u00f3 de la iniciativa i la <strong>proactivitat<\/strong>.<\/li>\n<li>Increment de la <strong>capacitat d&#8217;aprenentatge<\/strong>.<\/li>\n<li>Millora en la<strong> resoluci\u00f3 de problemes.<\/strong><\/li>\n<li>Aprenentatge de <strong>noves compet\u00e8ncies laborals.<\/strong><\/li>\n<li>Superaci\u00f3 expectatives frustrades,<\/li>\n<li>Saber com superar revessos per a <strong>viure plenament.<\/strong><\/li>\n<li>Facilita la <strong>consecuci\u00f3 d&#8217;objectius.<\/strong><\/li>\n<\/ul>\n<p>Els models DBM\u00ae s\u00f3n estructures que van molt m\u00e9s all\u00e0 de teories psicol\u00f2giques convencionals i permeten integrar en la conducta quotidiana conceptes com a \u201cdesafiament\u201d, \u201capoderament\u201d, \u201cactituds constructives\u201d, etc.<\/p>\n<p>Aquesta formaci\u00f3 la celebrarem a <strong>Val\u00e8ncia de l&#8217;1 al 4 d&#8217;agost de 2019.<\/strong><\/p>\n<p>Horari: de 10 a 2 i de 15.30 a 19.30. Primer dia comen\u00e7a a les 12.00.<\/p>\n<p>Se celebrar\u00e0 en el meu centre,<a href=\"https:\/\/capacitador.es\/ca\/contacte\/\"> Marqu\u00e9s de Lozoya, 1 porta 1 de Val\u00e8ncia<\/a><\/p>\n<p><span style=\"color: #008080;\"><strong>INVERSI\u00d3<\/strong><\/span><\/p>\n<p><strong>349 \u20ac abans del 13 de juliol.<\/strong> Despr\u00e9s 400 \u20ac.<\/p>\n<p>Places limitades a l&#8217;aforament de la sala.<\/p>\n<p>Per a realitzar la reserva de pla\u00e7a i preu \u00e9s necessari fer pagament de l&#8217;import en aquesta\u00a0<a href=\"\/?p=32539\" target=\"_blank\" rel=\"noopener noreferrer\">passarel\u00b7la amb targeta banc\u00e0ria.<\/a><\/p>\n<p>Places m\u00ednimes i limitades a l&#8217;aforament.<\/p>\n<p>[\/et_pb_text][\/et_pb_column][\/et_pb_row][\/et_pb_section]<\/p>\n","protected":false},"excerpt":{"rendered":"<p>Apoderament \u00e9s la capacitat d&#8217;actuar, de superar dificultats, d&#8217;aconseguir reptes. Com es pot fomentar l&#8217;apoderament? Et propose aquesta formaci\u00f3 d&#8217;agost per tal que aprengues a construir-lo. El prop\u00f2sit d&#8217;aquest curs \u00e9s aprendre a identificar i desenvolupar habilitats i actituds que ajuden a superar obstacles vitals i professionals. Alguns beneficis d&#8217;aquesta formaci\u00f3: Adaptaci\u00f3 als canvis de [&hellip;]<\/p>\n","protected":false},"author":1,"featured_media":32543,"parent":0,"menu_order":0,"comment_status":"closed","ping_status":"closed","template":"","meta":{"_et_pb_use_builder":"on","_et_pb_old_content":"Es sabido que delante de un problema, diferentes personas reaccionaran distintamente, dependiendo de las capacidades y actitudes de cada una.\r\n\r\nEl prop\u00f3sito de esta formaci\u00f3n es aprender a identificar y desarrollar habilidades y actitudes que ayuden a superar obst\u00e1culos vitales y profesionales.\r\n\r\nSe habla mucho de actitudes, pero poco de c\u00f3mo se \u201cactitudea\u201d, es decir c\u00f3mo construir y potenciar actitudes.\r\n\r\nHay muchos estudios psicol\u00f3gicos de superaci\u00f3n de dificultades personales, de resiliencia, de superar retos profesionales y pocas formas operativas de convertir un atolladero en una aprendizaje vital que enriquezca como persona\/profesional.\r\n\r\nEl empoderamiento es un concepto que se ha puesto de moda, pero se trata como si fuese un asunto acad\u00e9mico, cuando es un tema fundamentalmente pr\u00e1ctico. En esta formaci\u00f3n damos respuestas a la pregunta \u201c\u00bfC\u00f3mo se puede fomentar el empoderamiento?\u201d\r\n\r\nBeneficios de esta formaci\u00f3n:\r\n<ul>\r\n \t<li><b>En el trabajo. <\/b>Las organizaciones cuando buscan empleados, ya no solo piden t\u00edtulos acad\u00e9micos. Adem\u00e1s piden habilidades como capacidad de aprendizaje o resoluci\u00f3n de problemas. Saber c\u00f3mo empoderarse para enfrentarse a los desaf\u00edos laborales es una gran ayuda para potenciar el aprendizaje de nuevas capacidades.<\/li>\r\n \t<li><b>En la vida personal<\/b>. En alg\u00fan momento de la vida viviremos momentos de dificultad: separaciones, expectativas frustradas, etc. Saber c\u00f3mo ir m\u00e1s all\u00e1, es fundamental para vivir plenamente.<\/li>\r\n<\/ul>\r\nLos modelos DBM\u00ae son estructuras que van mucho m\u00e1s all\u00e1 de teor\u00edas psicol\u00f3gicas y permiten integrar en la conducta cotidiana conceptos como \u201cdesaf\u00edo\u201d, \u201cempoderamiento\u201d, \u201cactitudes constructivas\u201d, etc.\r\n\r\n<strong>Val\u00e8ncia del 1 al 4 de agosto de 2019.<\/strong>\r\n\r\nHorario: de 10 a 2 y de 15:30 a 19.30. Primer d\u00eda empieza a las 12:00\r\n\r\nSe celebrar\u00e1 en mi centro, <a href=\"\/?page_id=45\">Marqu\u00e9s de Lozoya, 1 puerta 1 de Valencia<\/a>\r\n\r\n&nbsp;\r\n\r\n<span style=\"color: #008080;\"><strong>INVERSI\u00d3N<\/strong><\/span>\r\n\r\n<strong>295 \u20ac antes del 22 de junio.<\/strong> 349 \u20ac antes del 13 de julio. Despu\u00e9s 400 \u20ac.\r\n\r\nPlazas limitadas al aforo de la sala.\r\n\r\nPara realizar la reserva de plaza y precio es necesario hacer pago del importe en esta <a href=\"\/?p=32539\" target=\"_blank\" rel=\"noopener noreferrer\">pasarela con tarjeta bancaria.<\/a>\r\n\r\n&nbsp;","_et_gb_content_width":"","footnotes":""},"class_list":["post-32547","page","type-page","status-publish","has-post-thumbnail","hentry"],"aioseo_notices":[],"_links":{"self":[{"href":"https:\/\/capacitador.es\/ca\/wp-json\/wp\/v2\/pages\/32547","targetHints":{"allow":["GET"]}}],"collection":[{"href":"https:\/\/capacitador.es\/ca\/wp-json\/wp\/v2\/pages"}],"about":[{"href":"https:\/\/capacitador.es\/ca\/wp-json\/wp\/v2\/types\/page"}],"author":[{"embeddable":true,"href":"https:\/\/capacitador.es\/ca\/wp-json\/wp\/v2\/users\/1"}],"replies":[{"embeddable":true,"href":"https:\/\/capacitador.es\/ca\/wp-json\/wp\/v2\/comments?post=32547"}],"version-history":[{"count":5,"href":"https:\/\/capacitador.es\/ca\/wp-json\/wp\/v2\/pages\/32547\/revisions"}],"predecessor-version":[{"id":33070,"href":"https:\/\/capacitador.es\/ca\/wp-json\/wp\/v2\/pages\/32547\/revisions\/33070"}],"wp:featuredmedia":[{"embeddable":true,"href":"https:\/\/capacitador.es\/ca\/wp-json\/wp\/v2\/media\/32543"}],"wp:attachment":[{"href":"https:\/\/capacitador.es\/ca\/wp-json\/wp\/v2\/media?parent=32547"}],"curies":[{"name":"wp","href":"https:\/\/api.w.org\/{rel}","templated":true}]}}