{"id":31381,"date":"2018-09-13T07:38:05","date_gmt":"2018-09-13T05:38:05","guid":{"rendered":"https:\/\/capacitador.es\/avis-legal\/"},"modified":"2018-09-13T07:38:06","modified_gmt":"2018-09-13T05:38:06","slug":"avis-legal","status":"publish","type":"page","link":"https:\/\/capacitador.es\/ca\/avis-legal\/","title":{"rendered":"Av\u00eds Legal"},"content":{"rendered":"<p>[et_pb_section fb_built=&#8221;1&#8243; _builder_version=&#8221;3.0.47&#8243;][et_pb_row _builder_version=&#8221;3.0.48&#8243; background_size=&#8221;initial&#8221; background_position=&#8221;top_left&#8221; background_repeat=&#8221;repeat&#8221;][et_pb_column type=&#8221;4_4&#8243; _builder_version=&#8221;3.0.47&#8243; parallax=&#8221;off&#8221; parallax_method=&#8221;on&#8221;][et_pb_text _builder_version=&#8221;3.10.1&#8243; background_size=&#8221;initial&#8221; background_position=&#8221;top_left&#8221; background_repeat=&#8221;repeat&#8221;]<\/p>\n<h3><strong>Av\u00eds Legal<\/strong><\/h3>\n<p>El titular del Lloc web www .Capacitador.es \u00e9s Carles PORCEL L\u00d3PEZ, aix\u00ed com el titular i responsable dels fitxers amb la informaci\u00f3 de car\u00e0cter personal subministrada volunt\u00e0riament pels seus usuaris havent adoptat totes les mesures de seguretat requerides legalment per a la protecci\u00f3 de les dades i la intimitat dels seus usuaris.<\/p>\n<p>El tractament de les dades personals que es realitza a trav\u00e9s del present Lloc web compleix amb l\u2019establit en la Llei Org\u00e0nica 15\/1999, de 13 de desembre i amb les mesures de seguretat que li siguen aplicable segons el Reial decret 1720\/2007, de 21 de desembre..<\/p>\n<p><strong>Dret d\u2019Informaci\u00f3<\/strong><\/p>\n<p>Si l\u2019usuari decideix sol\u00b7licitar informaci\u00f3 en el nostre Lloc web, se sol\u00b7licitaran les dades necess\u00e0ries per a la informaci\u00f3 i promoci\u00f3 dels nostres serveis, tots ells disponibles en el nostre Web. En cap cas seran utilitzats per a finalitats diferents d\u2019aquelles per a les quals han sigut volunt\u00e0riament introdu\u00efts.<\/p>\n<p>Les dades personals que l\u2019usuari ens proporcione passaran a formar part d\u2019un fitxer de dades de car\u00e0cter personal, que el seu titular \u00e9s Carles PORCEL L\u00d3PEZ i est\u00e0 donat d\u2019alta en l\u2019Ag\u00e8ncia de Protecci\u00f3 de Dades. Aquestes dades personals seran objecte de tractament, sempre que l\u2019usuari haja prestat el seu consentiment amb anterioritat, que ho presta en fer clic en el bot\u00f3 \u201cEnviar\u201d i podr\u00e0 revocar el consentiment sempre que ho desitge. Els que volunt\u00e0riament faciliten les seues dades al titular del Web per qualsevol dels mitjans establits a aquest efecte a cada moment, consenten i accepten con\u00e8ixer de manera expressa, precisa i inequ\u00edvoca:<br \/>\n&#8211; Que la introducci\u00f3n en el fichero y el tratamiento de los datos de car\u00e1cter personal tiene como finalidad el desarrollo y la prestaci\u00f3n de servicios a trav\u00e9s del Sitio Web o de correo-e as\u00ed como el mantenimiento de las relaciones entre el Web y sus usuarios.<br \/>\n-Que de forma permanent tenen possibilitat d\u2019acc\u00e9s a les seues dades, per la qual cosa podran consultar les dades de contacte per a accedir, modificar i cancel\u00b7lar totalment totes les seues dades.<br \/>\n-Que autoritza a Carles PORCEL L\u00d3PEZ al fet que utilitze les seues dades per a les finalitats expressades a l\u2019hora de contractar qualsevol dels productes o serveis en concret.<br \/>\n-Que en qualsevol moment podr\u00e0 revocar el seu consentiment dirigint una comunicaci\u00f3 a la Web, a trav\u00e9s dels canals establits a aquest efecte.<\/p>\n<p><strong>Drets d\u2019Acc\u00e9s, Rectificaci\u00f3, Oposici\u00f3 i Cancel\u00b7laci\u00f3<\/strong><\/p>\n<p>En qualsevol moment, l\u2019usuari t\u00e9 dret a accedir a la seua informaci\u00f3, a rectificar-la si les seues dades s\u00f3n err\u00f2nies, a oposar-se a algun tipus de tractament associat al manteniment de la relaci\u00f3 contractual i a donar-se de baixa dels serveis de Carles PORCEL L\u00d3PEZ.<\/p>\n<p>Aquests drets poden fer-se efectius pr\u00e8via acreditaci\u00f3 de la personalitat en les formes i en els terminis establits en el Reial decret 1720\/2007, de 21 de desembre, dirigint un escrit a Marqu\u00e9s de Lozoya o en carles[@]Capacitador.info.<\/p>\n<p>El tractament de les dades personals i l\u2019enviament de comunicacions per mitjans electr\u00f2nics, si escau, estan ajustats a la normativa establida en la Llei Org\u00e0nica 15\/1999, de 13 de desembre, de Protecci\u00f3 de Dades de Car\u00e0cter Personal i en la Llei 34\/2002, d\u201911 de juliol, de Serveis de la Societat de la Informaci\u00f3 i de Comer\u00e7 Electr\u00f2nic.<\/p>\n<p><strong>Canvis en la Pol\u00edtica de Privadesa<\/strong><\/p>\n<p>Carles PORCEL L\u00d3PEZ es reserva el dret de canviar, quan ho estime convenient, la seua Pol\u00edtica de Privadesa. Aquests canvis s\u2019anunciaran en aquesta p\u00e0gina.<br \/>\n[\/et_pb_text][\/et_pb_column][\/et_pb_row][\/et_pb_section]<\/p>\n","protected":false},"excerpt":{"rendered":"<p>Av\u00eds Legal El titular del Lloc web www .Capacitador.es \u00e9s Carles PORCEL L\u00d3PEZ, aix\u00ed com el titular i responsable dels fitxers amb la informaci\u00f3 de car\u00e0cter personal subministrada volunt\u00e0riament pels seus usuaris havent adoptat totes les mesures de seguretat requerides legalment per a la protecci\u00f3 de les dades i la intimitat dels seus usuaris. El [&hellip;]<\/p>\n","protected":false},"author":1,"featured_media":0,"parent":0,"menu_order":0,"comment_status":"closed","ping_status":"closed","template":"","meta":{"_et_pb_use_builder":"on","_et_pb_old_content":"<p>El titular del Sitio Web www .Capacitador.es es Carles PORCEL L\u00d3PEZ, as\u00ed como el titular y responsable de los ficheros con la informaci\u00f3n de car\u00e1cter personal suministrada voluntariamente por sus usuarios habiendo adoptado todas las medidas de seguridad requeridas legalmente para la protecci\u00f3n de los datos y la intimidad de sus usuarios.<\/p><p>El tratamiento de los datos personales que se realiza a trav\u00e9s del presente Sitio Web cumple con lo establecido en la Ley Org\u00e1nica 15\/1999, de 13 de diciembre y con las medidas de seguridad que le sean de aplicaci\u00f3n seg\u00fan el Real Decreto 1720\/2007, de 21 de diciembre.<\/p><p><strong>Derecho de Informaci\u00f3n<\/strong><\/p><p>Si el usuario decide solicitar informaci\u00f3n en nuestro Sitio Web, se solicitar\u00e1n los datos necesarios para la informaci\u00f3n y promoci\u00f3n de nuestros servicios, todos ellos disponibles en nuestro Web. En ning\u00fan caso ser\u00e1n utilizados para finalidades distintas de aquellas para las que han sido<br \/>voluntariamente introducidos.<\/p><p>Los datos personales que el usuario nos proporcione pasar\u00e1n a formar parte de un fichero de datos de car\u00e1cter personal, cuyo titular es Carles PORCEL L\u00d3PEZ y est\u00e1 dado de alta en la Agencia de Proteci\u00f3n de Datos. Dichos datos personales ser\u00e1n objeto de tratamiento, siempre que el usuario haya prestado su consentimiento con anterioridad, que lo presta al hacer clic en el bot\u00f3n \u201cEnviar\u201d y podr\u00e1 revocar el consentimiento siempre que lo desee. Los que voluntariamente faciliten sus datos al titular del Web por cualquiera de los medios establecidos al efecto en cada momento, consienten y aceptan conocer de modo expreso, preciso e inequ\u00edvoco:<br \/>- Que la introducci\u00f3n en el fichero y el tratamiento de los datos de car\u00e1cter personal tiene como finalidad el desarrollo y la prestaci\u00f3n de servicios a trav\u00e9s del Sitio Web o de correo-e as\u00ed como el mantenimiento de las relaciones entre el Web y sus usuarios.<br \/>- Que de forma permanente tienen posibilidad de acceso a sus datos, por lo que podr\u00e1n consultar los datos de contacto para acceder, modificar y cancelar totalmente todos sus datos.<br \/>- Que autoriza a Carles PORCEL L\u00d3PEZ a que utilice sus datos para las finalidades expresadas a la hora de contratar cualqueira de los productos o servicios en concreto.<br \/>- Que en cualquier momento podr\u00e1 revocar su consentimiento dirigiendo una comunicaci\u00f3n a la Web, a trav\u00e9s de los canales establecidos al efecto.<\/p><p>Derechos de Acceso, Rectificaci\u00f3n, Oposici\u00f3n y Cancelaci\u00f3n En cualquier momento, el usuario tiene derecho a acceder a su informaci\u00f3n, a rectificarla si sus datos son err\u00f3neos, a oponerse a alg\u00fan tipo de tratamiento asociado al mantenimiento de la relaci\u00f3n contractual y a darse de baja de los servicios de Carles PORCEL L\u00d3PEZ.<\/p><p>Estos derechos pueden hacerse efectivos previa acreditaci\u00f3n de la personalidad en las formas y en los plazos establecidos en el Real Decreto 1720\/2007, de 21 de diciembre, dirigiendo un escrito a la Avda. Peris i Valero, 42 porta 8 o en info[@]Capacitador.es.<\/p><p>El tratamiento de los datos personales y el env\u00edo de comunicaciones por medios electr\u00f3nicos, en su caso, est\u00e1n ajustados a la normativa establecida en la Ley Org\u00e1nica 15\/1999, de 13 de diciembre, de Protecci\u00f3n de Datos de Car\u00e1cter Personal y en la Ley 34\/2002, de 11 de julio, de Servicios de la Sociedad de la Informaci\u00f3n y de Comercio Electr\u00f3nico.<\/p><p><strong>Cambios en la Pol\u00edtica de Privacidad<\/strong><\/p><p>Carles PORCEL L\u00d3PEZ se reserva el derecho de cambiar, cuando lo estime conveniente, su<br \/>Pol\u00edtica de Privacidad. Estos cambios se anunciar\u00e1n en esta p\u00e1gina.<\/p>","_et_gb_content_width":"","footnotes":""},"class_list":["post-31381","page","type-page","status-publish","hentry"],"aioseo_notices":[],"_links":{"self":[{"href":"https:\/\/capacitador.es\/ca\/wp-json\/wp\/v2\/pages\/31381","targetHints":{"allow":["GET"]}}],"collection":[{"href":"https:\/\/capacitador.es\/ca\/wp-json\/wp\/v2\/pages"}],"about":[{"href":"https:\/\/capacitador.es\/ca\/wp-json\/wp\/v2\/types\/page"}],"author":[{"embeddable":true,"href":"https:\/\/capacitador.es\/ca\/wp-json\/wp\/v2\/users\/1"}],"replies":[{"embeddable":true,"href":"https:\/\/capacitador.es\/ca\/wp-json\/wp\/v2\/comments?post=31381"}],"version-history":[{"count":1,"href":"https:\/\/capacitador.es\/ca\/wp-json\/wp\/v2\/pages\/31381\/revisions"}],"predecessor-version":[{"id":31382,"href":"https:\/\/capacitador.es\/ca\/wp-json\/wp\/v2\/pages\/31381\/revisions\/31382"}],"wp:attachment":[{"href":"https:\/\/capacitador.es\/ca\/wp-json\/wp\/v2\/media?parent=31381"}],"curies":[{"name":"wp","href":"https:\/\/api.w.org\/{rel}","templated":true}]}}