{"id":31287,"date":"2018-09-10T08:20:29","date_gmt":"2018-09-10T06:20:29","guid":{"rendered":"https:\/\/capacitador.es\/coaching-executiu\/"},"modified":"2024-11-26T20:05:40","modified_gmt":"2024-11-26T19:05:40","slug":"coaching-executiu","status":"publish","type":"page","link":"https:\/\/capacitador.es\/ca\/coaching-executiu\/","title":{"rendered":"Coaching Executiu"},"content":{"rendered":"<p>[et_pb_section fb_built=&#8221;1&#8243; admin_label=&#8221;Center Aligned Text &#8221; _builder_version=&#8221;4.16&#8243; background_color=&#8221;#f8fbfe&#8221; use_background_color_gradient=&#8221;on&#8221; background_color_gradient_direction=&#8221;135deg&#8221; background_color_gradient_stops=&#8221;#262423 0%|#59a389 100%&#8221; background_color_gradient_start=&#8221;#262423&#8243; background_color_gradient_end=&#8221;#59a389&#8243; background_image=&#8221;https:\/\/capacitador.es\/wp-content\/uploads\/2018\/07\/coaching-ejecutivo-pnl-dbm-valencia-cabecera-pagina-3.jpg&#8221; background_position=&#8221;center_left&#8221; background_blend=&#8221;overlay&#8221; custom_padding=&#8221;5%|0px|5%|0px|false|false&#8221; animation_style=&#8221;zoom&#8221; animation_direction=&#8221;bottom&#8221; animation_intensity_zoom=&#8221;8%&#8221; animation_starting_opacity=&#8221;100%&#8221; global_colors_info=&#8221;{}&#8221;][et_pb_row _builder_version=&#8221;4.16&#8243; global_colors_info=&#8221;{}&#8221;][et_pb_column type=&#8221;4_4&#8243; _builder_version=&#8221;4.16&#8243; custom_padding=&#8221;|||&#8221; global_colors_info=&#8221;{}&#8221; custom_padding__hover=&#8221;|||&#8221;][et_pb_text _builder_version=&#8221;4.16&#8243; text_font=&#8221;Nunito Sans||||||||&#8221; text_text_color=&#8221;#ffffff&#8221; text_font_size=&#8221;18px&#8221; text_line_height=&#8221;1.8em&#8221; header_font=&#8221;Nunito Sans|700|||||||&#8221; header_font_size=&#8221;45px&#8221; header_line_height=&#8221;1.3em&#8221; header_2_font=&#8221;||||||||&#8221; text_orientation=&#8221;center&#8221; background_layout=&#8221;dark&#8221; max_width=&#8221;700px&#8221; module_alignment=&#8221;center&#8221; header_font_size_tablet=&#8221;&#8221; header_font_size_phone=&#8221;35px&#8221; header_font_size_last_edited=&#8221;on|phone&#8221; global_colors_info=&#8221;{}&#8221;]<\/p>\n<h1>COACHING EXECUTIU<\/h1>\n<p>Ajude al professional a crear noves habilitats i actituds per a enfrontar-se als reptes i dificultats que es troba en la seua carrera.<br \/>\n[\/et_pb_text][et_pb_button button_text=&#8221;TELEFONA&#8217;M ARA &#8211; 695 015 569&#8243; button_alignment=&#8221;center&#8221; _builder_version=&#8221;4.16&#8243; custom_button=&#8221;on&#8221; button_text_color=&#8221;#ffffff&#8221; button_bg_color=&#8221;#e09900&#8243; button_border_color=&#8221;#e09900&#8243; button_font=&#8221;||||||||&#8221; button_text_size_tablet=&#8221;&#8221; button_text_size_phone=&#8221;18px&#8221; button_text_size_last_edited=&#8221;on|phone&#8221; global_colors_info=&#8221;{}&#8221; button_text_size__hover_enabled=&#8221;off&#8221; button_one_text_size__hover_enabled=&#8221;off&#8221; button_two_text_size__hover_enabled=&#8221;off&#8221; button_text_color__hover_enabled=&#8221;off&#8221; button_one_text_color__hover_enabled=&#8221;off&#8221; button_two_text_color__hover_enabled=&#8221;off&#8221; button_border_width__hover_enabled=&#8221;off&#8221; button_one_border_width__hover_enabled=&#8221;off&#8221; button_two_border_width__hover_enabled=&#8221;off&#8221; button_border_color__hover_enabled=&#8221;off&#8221; button_one_border_color__hover_enabled=&#8221;off&#8221; button_two_border_color__hover_enabled=&#8221;off&#8221; button_border_radius__hover_enabled=&#8221;off&#8221; button_one_border_radius__hover_enabled=&#8221;off&#8221; button_two_border_radius__hover_enabled=&#8221;off&#8221; button_letter_spacing__hover_enabled=&#8221;off&#8221; button_one_letter_spacing__hover_enabled=&#8221;off&#8221; button_two_letter_spacing__hover_enabled=&#8221;off&#8221; button_bg_color__hover_enabled=&#8221;off&#8221; button_one_bg_color__hover_enabled=&#8221;off&#8221; button_two_bg_color__hover_enabled=&#8221;off&#8221;][\/et_pb_button][\/et_pb_column][\/et_pb_row][\/et_pb_section][et_pb_section fb_built=&#8221;1&#8243; admin_label=&#8221;Features CTA Section&#8221; _builder_version=&#8221;4.16&#8243; custom_padding=&#8221;0|0px|0|0px|false|false&#8221; saved_tabs=&#8221;all&#8221; global_colors_info=&#8221;{}&#8221;][et_pb_row column_structure=&#8221;1_2,1_2&#8243; admin_label=&#8221;Left Sided Image&#8221; _builder_version=&#8221;4.16&#8243; custom_padding=&#8221;60px|0px|0|0px|false|false&#8221; global_colors_info=&#8221;{}&#8221;][et_pb_column type=&#8221;1_2&#8243; _builder_version=&#8221;4.16&#8243; custom_padding=&#8221;|||&#8221; global_colors_info=&#8221;{}&#8221; custom_padding__hover=&#8221;|||&#8221;][et_pb_image src=&#8221;https:\/\/capacitador.es\/wp-content\/uploads\/2018\/07\/coaching-individual-empleados-empresa-pyme-pnl-dbm-valencia.jpg&#8221; align_tablet=&#8221;center&#8221; align_phone=&#8221;&#8221; align_last_edited=&#8221;on|desktop&#8221; _builder_version=&#8221;4.16&#8243; max_width=&#8221;60%&#8221; module_alignment=&#8221;right&#8221; animation_style=&#8221;zoom&#8221; animation_direction=&#8221;right&#8221; animation_intensity_zoom=&#8221;5%&#8221; global_colors_info=&#8221;{}&#8221;][\/et_pb_image][\/et_pb_column][et_pb_column type=&#8221;1_2&#8243; _builder_version=&#8221;4.16&#8243; custom_padding=&#8221;|||&#8221; global_colors_info=&#8221;{}&#8221; custom_padding__hover=&#8221;|||&#8221;][et_pb_text _builder_version=&#8221;4.16&#8243; text_font=&#8221;Nunito Sans||||||||&#8221; text_text_color=&#8221;#959baf&#8221; text_font_size=&#8221;16px&#8221; text_line_height=&#8221;1.4em&#8221; header_font=&#8221;||||||||&#8221; header_text_align=&#8221;left&#8221; header_2_font=&#8221;Nunito Sans|700|||||||&#8221; header_2_text_color=&#8221;#535b7c&#8221; header_2_font_size=&#8221;35px&#8221; header_2_line_height=&#8221;1.3em&#8221; header_3_font=&#8221;||||||||&#8221; header_3_text_color=&#8221;#53567c&#8221; max_width=&#8221;700px&#8221; module_alignment=&#8221;center&#8221; global_colors_info=&#8221;{}&#8221;]<\/p>\n<h3>Coaching Executiu \/ Desenvolupament directiu<\/h3>\n<p>El coaching executiu \u00e9s una ajuda individualitzada, un a un, per a fomentar en professionals i executius el desenvolupament i potenciaci\u00f3 de la seua efic\u00e0cia professional, benestar i rendiment en el treball. Tamb\u00e9 facilita el desenvolupament directiu.<\/p>\n<p>[\/et_pb_text][et_pb_text _builder_version=&#8221;4.16&#8243; text_font=&#8221;Nunito Sans||||||||&#8221; text_text_color=&#8221;#959baf&#8221; text_font_size=&#8221;16px&#8221; text_line_height=&#8221;1.4em&#8221; header_font=&#8221;||||||||&#8221; header_text_align=&#8221;left&#8221; header_2_font=&#8221;Nunito Sans|700|||||||&#8221; header_2_text_color=&#8221;#535b7c&#8221; header_2_font_size=&#8221;35px&#8221; header_2_line_height=&#8221;1.3em&#8221; header_3_font=&#8221;||||||||&#8221; header_3_text_color=&#8221;#53567c&#8221; max_width=&#8221;700px&#8221; module_alignment=&#8221;center&#8221; global_colors_info=&#8221;{}&#8221;]<\/p>\n<h3>Metodologia DBM\u00ae<\/h3>\n<p>Per la metodologia que utilitze, el <strong>DBM\u00ae<\/strong> i la meua extensa i fruct\u00edfera experi\u00e8ncia, puc afirmar honestament que la meua ajuda sol ser molt m\u00e9s precisa, profunda, duradora i breu que la majoria dels enfocaments tradicionals.<br \/>\n[\/et_pb_text][et_pb_blurb title=&#8221;%22El fi de tenir una ment oberta, com el d&#8217;una boca oberta, \u00e9s omplir-la amb alguna cosa valuosa%22&#8243; admin_label=&#8221;Testimonial&#8221; _builder_version=&#8221;4.16&#8243; header_level=&#8221;h2&#8243; header_font=&#8221;Nunito Sans|700|||||||&#8221; header_text_color=&#8221;#535b7c&#8221; header_font_size=&#8221;15px&#8221; header_line_height=&#8221;1.4em&#8221; body_font=&#8221;Nunito Sans|600|||||||&#8221; body_text_color=&#8221;#959baf&#8221; background_image=&#8221;http:\/\/de2e6rslg.preview.infomaniak.website\/wp-content\/uploads\/2018\/07\/quote-bg.png&#8221; background_size=&#8221;initial&#8221; text_orientation=&#8221;center&#8221; custom_margin=&#8221;||0px|&#8221; custom_padding=&#8221;10px||10px|&#8221; box_shadow_style=&#8221;preset2&#8243; global_colors_info=&#8221;{}&#8221;]- Gilbert Keith Chesterton<br \/>\n[\/et_pb_blurb][\/et_pb_column][\/et_pb_row][et_pb_row admin_label=&#8221;Left Sided Image&#8221; _builder_version=&#8221;4.16&#8243; custom_padding=&#8221;15px|0px|0|0px|false|false&#8221; global_colors_info=&#8221;{}&#8221;][et_pb_column type=&#8221;4_4&#8243; _builder_version=&#8221;4.16&#8243; custom_padding=&#8221;|||&#8221; global_colors_info=&#8221;{}&#8221; custom_padding__hover=&#8221;|||&#8221;][et_pb_button button_url=&#8221;tel:\/\/695015569&#8243; url_new_window=&#8221;on&#8221; button_text=&#8221;Telefona&#8217;m &#8211; 695 015 569&#8243; button_alignment=&#8221;center&#8221; _builder_version=&#8221;4.16&#8243; custom_button=&#8221;on&#8221; button_text_size=&#8221;18px&#8221; button_text_color=&#8221;#ffffff&#8221; button_bg_use_color_gradient=&#8221;on&#8221; button_bg_color_gradient_direction=&#8221;243deg&#8221; button_bg_color_gradient_stops=&#8221;#e09900 0%|#e0ac3c 100%&#8221; button_bg_color_gradient_start=&#8221;#e09900&#8243; button_bg_color_gradient_end=&#8221;#e0ac3c&#8221; button_border_width=&#8221;0px&#8221; button_border_radius=&#8221;0px&#8221; button_letter_spacing=&#8221;1px&#8221; button_font=&#8221;Nunito Sans|800||on|||||&#8221; button_use_icon=&#8221;off&#8221; custom_margin=&#8221;30px|||&#8221; custom_padding=&#8221;15px|30px|15px|30px&#8221; button_text_color_hover=&#8221;#ffffff&#8221; button_border_radius_hover=&#8221;0px&#8221; button_letter_spacing_hover=&#8221;1px&#8221; global_colors_info=&#8221;{}&#8221; button_text_size__hover_enabled=&#8221;off&#8221; button_one_text_size__hover_enabled=&#8221;off&#8221; button_two_text_size__hover_enabled=&#8221;off&#8221; button_text_color__hover_enabled=&#8221;on&#8221; button_text_color__hover=&#8221;#ffffff&#8221; button_one_text_color__hover_enabled=&#8221;off&#8221; button_two_text_color__hover_enabled=&#8221;off&#8221; button_border_width__hover_enabled=&#8221;off&#8221; button_one_border_width__hover_enabled=&#8221;off&#8221; button_two_border_width__hover_enabled=&#8221;off&#8221; button_border_color__hover_enabled=&#8221;off&#8221; button_one_border_color__hover_enabled=&#8221;off&#8221; button_two_border_color__hover_enabled=&#8221;off&#8221; button_border_radius__hover_enabled=&#8221;on&#8221; button_border_radius__hover=&#8221;0px&#8221; button_one_border_radius__hover_enabled=&#8221;off&#8221; button_two_border_radius__hover_enabled=&#8221;off&#8221; button_letter_spacing__hover_enabled=&#8221;on&#8221; button_letter_spacing__hover=&#8221;1px&#8221; button_one_letter_spacing__hover_enabled=&#8221;off&#8221; button_two_letter_spacing__hover_enabled=&#8221;off&#8221; button_bg_color__hover_enabled=&#8221;off&#8221; button_one_bg_color__hover_enabled=&#8221;off&#8221; button_two_bg_color__hover_enabled=&#8221;off&#8221;][\/et_pb_button][\/et_pb_column][\/et_pb_row][et_pb_row column_structure=&#8221;1_2,1_2&#8243; admin_label=&#8221;Left Sided Image&#8221; _builder_version=&#8221;4.16&#8243; custom_padding=&#8221;60px|0px|30px|0px|false|false&#8221; global_colors_info=&#8221;{}&#8221;][et_pb_column type=&#8221;1_2&#8243; _builder_version=&#8221;4.16&#8243; custom_padding=&#8221;|||&#8221; global_colors_info=&#8221;{}&#8221; custom_padding__hover=&#8221;|||&#8221;][et_pb_text _builder_version=&#8221;4.27.0&#8243; text_font=&#8221;Nunito Sans||||||||&#8221; text_text_color=&#8221;#959baf&#8221; text_font_size=&#8221;16px&#8221; text_line_height=&#8221;1.4em&#8221; header_font=&#8221;||||||||&#8221; header_text_align=&#8221;left&#8221; header_2_font=&#8221;Nunito Sans|700|||||||&#8221; header_2_text_color=&#8221;#535b7c&#8221; header_2_font_size=&#8221;35px&#8221; header_2_line_height=&#8221;1.3em&#8221; header_3_font=&#8221;||||||||&#8221; header_3_text_color=&#8221;#53567c&#8221; max_width=&#8221;700px&#8221; module_alignment=&#8221;center&#8221; hover_enabled=&#8221;0&#8243; global_colors_info=&#8221;{}&#8221; sticky_enabled=&#8221;0&#8243;]<\/p>\n<h3>Ajude a:<\/h3>\n<ul>\n<li>Millorar l&#8217;efic\u00e0cia i el rendiment laboral.<\/li>\n<li>Desenvolupament d&#8217;habilitats de planificaci\u00f3 i revisi\u00f3.<\/li>\n<li>Millora de la gesti\u00f3 de les tasques en el temps.<\/li>\n<li>Superar la s\u00edndrome de l&#8217;impostor.<\/li>\n<li>Optimitzar la prioritzaci\u00f3 de tasques.<\/li>\n<li>Foment del desenvolupament directiu.<\/li>\n<li>Potenciar la capacitat d&#8217;aprenentatge dels errors.<\/li>\n<li>Adquirir actituds positives i estimulants davant la innovaci\u00f3 i el canvi.<\/li>\n<li>Assumir noves i velles responsabilitats amb est\u00edmul.<\/li>\n<li>Delegar tasques.<\/li>\n<li>Millora de la creativitat en la resoluci\u00f3 de problemes.<\/li>\n<li>Superar alts i baixos, descol\u00b7locaments de forma desenvolupativa.<\/li>\n<li>Fer una transici\u00f3 flu\u00efda a nous llocs, nou equips.<\/li>\n<li>Millora de l&#8217;acompliment de tasques.<\/li>\n<li>Aprendre o millorar habilitats espec\u00edfiques.<\/li>\n<li>Preparar-se per a promocionar la seua carrera professional.<\/li>\n<li>Reorganitzar principis i valors per a adaptar-los a una nova etapa.<\/li>\n<li>Desenvolupar habilitats de lideratge.<\/li>\n<li>Aprendre a motivar-se de noves maneres.<\/li>\n<li>Gesti\u00f3 de l&#8217;estr\u00e8s, millorant la salut i incrementant el benestar mental i f\u00edsic.<\/li>\n<li>Millora de les relacions professionals.<\/li>\n<li>Superar pors i ansietats.<\/li>\n<li>Aprendre a desconnectar quan s&#8217;acaba de treballar i gaudir de l&#8217;oci.<\/li>\n<li>Canvi d&#8217;h\u00e0bits nocius i addiccions.<\/li>\n<li>Solucionar bloquejos mentals i\/o emocionals.<\/li>\n<li>Dificultats amb els viatges (por a volar, a conduir cotxe, etc.)<\/li>\n<li>Aprendre a parlar en p\u00fablic amb seguretat (no t\u00e9 a veure amb fer classes d&#8217;orat\u00f2ria ni res semblat).<\/li>\n<li>Aclimataci\u00f3 a noves situacions professionals.<\/li>\n<li>Adaptar-se a reestructuracions laborals o els nous requeriments d&#8217;un lloc.<\/li>\n<li>Aprendre a motivar-te i gaudir de la vida i\/o de la professi\u00f3.<\/li>\n<li>Manejar la pressi\u00f3 exercida pels superiors.<\/li>\n<\/ul>\n<p>[\/et_pb_text][\/et_pb_column][et_pb_column type=&#8221;1_2&#8243; _builder_version=&#8221;4.16&#8243; custom_padding=&#8221;|||&#8221; global_colors_info=&#8221;{}&#8221; custom_padding__hover=&#8221;|||&#8221;][et_pb_text _builder_version=&#8221;4.16&#8243; text_font=&#8221;Nunito Sans||||||||&#8221; text_text_color=&#8221;#959baf&#8221; text_font_size=&#8221;16px&#8221; text_line_height=&#8221;1.4em&#8221; header_font=&#8221;||||||||&#8221; header_text_align=&#8221;left&#8221; header_2_font=&#8221;Nunito Sans|700|||||||&#8221; header_2_text_color=&#8221;#535b7c&#8221; header_2_font_size=&#8221;35px&#8221; header_2_line_height=&#8221;1.3em&#8221; header_3_font=&#8221;||||||||&#8221; header_3_text_color=&#8221;#53567c&#8221; max_width=&#8221;700px&#8221; module_alignment=&#8221;center&#8221; global_colors_info=&#8221;{}&#8221;]<\/p>\n<h3>M\u00e9s r\u00e0pid, m\u00e9s prec\u00eds i m\u00e9s efica\u00e7<\/h3>\n<p>Amb el <strong>DBM\u00ae<\/strong>, la <strong>innovadora metodologia<\/strong> que utilitze, em permet ser\u00a0<strong>m\u00e9s r\u00e0pid, m\u00e9s prec\u00eds i m\u00e9s efica\u00e7<\/strong> que amb altres enfocaments convencionals.<br \/>\n[\/et_pb_text][et_pb_divider color=&#8221;#ffffff&#8221; _builder_version=&#8221;4.16&#8243; global_colors_info=&#8221;{}&#8221;][\/et_pb_divider][et_pb_cta title=&#8221;TENS DUBTES?&#8221; button_url=&#8221;tel:\/\/963343190&#8243; url_new_window=&#8221;on&#8221; button_text=&#8221;Telefona&#8217;m&#8221; _builder_version=&#8221;4.16&#8243; header_font=&#8221;||||||||&#8221; body_font=&#8221;||||||||&#8221; body_line_height=&#8221;1.1em&#8221; background_color=&#8221;#05a280&#8243; use_background_color_gradient=&#8221;on&#8221; background_color_gradient_stops=&#8221;#05a280 0%|#05a280 100%&#8221; background_color_gradient_start=&#8221;#05a280&#8243; background_color_gradient_end=&#8221;#05a280&#8243; custom_button=&#8221;on&#8221; button_text_color=&#8221;#ffffff&#8221; button_bg_color=&#8221;#e09900&#8243; button_border_color=&#8221;#e09900&#8243; button_font=&#8221;||||||||&#8221; box_shadow_style=&#8221;preset2&#8243; global_colors_info=&#8221;{}&#8221; button_text_size__hover_enabled=&#8221;off&#8221; button_one_text_size__hover_enabled=&#8221;off&#8221; button_two_text_size__hover_enabled=&#8221;off&#8221; button_text_color__hover_enabled=&#8221;off&#8221; button_one_text_color__hover_enabled=&#8221;off&#8221; button_two_text_color__hover_enabled=&#8221;off&#8221; button_border_width__hover_enabled=&#8221;off&#8221; button_one_border_width__hover_enabled=&#8221;off&#8221; button_two_border_width__hover_enabled=&#8221;off&#8221; button_border_color__hover_enabled=&#8221;off&#8221; button_one_border_color__hover_enabled=&#8221;off&#8221; button_two_border_color__hover_enabled=&#8221;off&#8221; button_border_radius__hover_enabled=&#8221;off&#8221; button_one_border_radius__hover_enabled=&#8221;off&#8221; button_two_border_radius__hover_enabled=&#8221;off&#8221; button_letter_spacing__hover_enabled=&#8221;off&#8221; button_one_letter_spacing__hover_enabled=&#8221;off&#8221; button_two_letter_spacing__hover_enabled=&#8221;off&#8221; button_bg_color__hover_enabled=&#8221;off&#8221; button_one_bg_color__hover_enabled=&#8221;off&#8221; button_two_bg_color__hover_enabled=&#8221;off&#8221;]<\/p>\n<h3 style=\"text-align: center;\"><strong>695 015 569<\/strong><\/h3>\n<p style=\"text-align: center;\">Crida&#8217;m i t&#8217;orientar\u00e9 personalment en el teu cas.<\/p>\n<p style=\"text-align: center;\">Sessions presencials a Val\u00e8ncia i per videoconfer\u00e8ncia.<\/p>\n<p>[\/et_pb_cta][\/et_pb_column][\/et_pb_row][\/et_pb_section][et_pb_section fb_built=&#8221;1&#8243; admin_label=&#8221;Testimonial&#8221; _builder_version=&#8221;4.16&#8243; background_color=&#8221;#f7f7f7&#8243; custom_padding=&#8221;100px|0px|0|0px|false|false&#8221; global_colors_info=&#8221;{}&#8221;][\/et_pb_section][et_pb_section fb_built=&#8221;1&#8243; admin_label=&#8221;Get Started CTA&#8221; _builder_version=&#8221;4.16&#8243; background_color=&#8221;#05a280&#8243; custom_padding=&#8221;0px|0px|100px|0px&#8221; box_shadow_style=&#8221;preset3&#8243; box_shadow_vertical=&#8221;160px&#8221; box_shadow_blur=&#8221;0px&#8221; box_shadow_spread=&#8221;-80px&#8221; box_shadow_color=&#8221;#ffffff&#8221; box_shadow_position=&#8221;inner&#8221; saved_tabs=&#8221;all&#8221; global_colors_info=&#8221;{}&#8221;][\/et_pb_section]<\/p>\n","protected":false},"excerpt":{"rendered":"<p>COACHING EXECUTIU Ajude al professional a crear noves habilitats i actituds per a enfrontar-se als reptes i dificultats que es troba en la seua carrera. Coaching Executiu \/ Desenvolupament directiu El coaching executiu \u00e9s una ajuda individualitzada, un a un, per a fomentar en professionals i executius el desenvolupament i potenciaci\u00f3 de la seua efic\u00e0cia [&hellip;]<\/p>\n","protected":false},"author":1,"featured_media":0,"parent":0,"menu_order":0,"comment_status":"closed","ping_status":"closed","template":"","meta":{"_et_pb_use_builder":"on","_et_pb_old_content":"","_et_gb_content_width":"","footnotes":""},"class_list":["post-31287","page","type-page","status-publish","hentry"],"aioseo_notices":[],"_links":{"self":[{"href":"https:\/\/capacitador.es\/ca\/wp-json\/wp\/v2\/pages\/31287","targetHints":{"allow":["GET"]}}],"collection":[{"href":"https:\/\/capacitador.es\/ca\/wp-json\/wp\/v2\/pages"}],"about":[{"href":"https:\/\/capacitador.es\/ca\/wp-json\/wp\/v2\/types\/page"}],"author":[{"embeddable":true,"href":"https:\/\/capacitador.es\/ca\/wp-json\/wp\/v2\/users\/1"}],"replies":[{"embeddable":true,"href":"https:\/\/capacitador.es\/ca\/wp-json\/wp\/v2\/comments?post=31287"}],"version-history":[{"count":6,"href":"https:\/\/capacitador.es\/ca\/wp-json\/wp\/v2\/pages\/31287\/revisions"}],"predecessor-version":[{"id":40930,"href":"https:\/\/capacitador.es\/ca\/wp-json\/wp\/v2\/pages\/31287\/revisions\/40930"}],"wp:attachment":[{"href":"https:\/\/capacitador.es\/ca\/wp-json\/wp\/v2\/media?parent=31287"}],"curies":[{"name":"wp","href":"https:\/\/api.w.org\/{rel}","templated":true}]}}