{"id":31281,"date":"2018-09-09T19:21:32","date_gmt":"2018-09-09T17:21:32","guid":{"rendered":"https:\/\/capacitador.es\/coaching-individual-per-a-empreses\/"},"modified":"2020-03-26T18:36:27","modified_gmt":"2020-03-26T17:36:27","slug":"coaching-individual-per-a-empreses","status":"publish","type":"page","link":"https:\/\/capacitador.es\/ca\/coaching-individual-per-a-empreses\/","title":{"rendered":"Coaching individual per a empreses"},"content":{"rendered":"<p>[et_pb_section fb_built=&#8221;1&#8243; admin_label=&#8221;Center Aligned Text &#8221; _builder_version=&#8221;3.22&#8243; background_color=&#8221;#f8fbfe&#8221; use_background_color_gradient=&#8221;on&#8221; background_color_gradient_start=&#8221;#262423&#8243; background_color_gradient_end=&#8221;#59a389&#8243; background_color_gradient_direction=&#8221;135deg&#8221; background_image=&#8221;https:\/\/capacitador.es\/wp-content\/uploads\/2018\/07\/coaching-individual-empresa-pnl-dbm-valencia-cabecera-pagina.jpg&#8221; background_position=&#8221;center_left&#8221; background_blend=&#8221;overlay&#8221; custom_padding=&#8221;5%|0px|5%|0px|false|false&#8221; animation_style=&#8221;zoom&#8221; animation_direction=&#8221;bottom&#8221; animation_intensity_zoom=&#8221;8%&#8221; animation_starting_opacity=&#8221;100%&#8221;][et_pb_row _builder_version=&#8221;3.25&#8243;][et_pb_column type=&#8221;4_4&#8243; _builder_version=&#8221;3.25&#8243; custom_padding=&#8221;|||&#8221; custom_padding__hover=&#8221;|||&#8221;][et_pb_text _builder_version=&#8221;3.27.4&#8243; text_font=&#8221;Nunito Sans||||||||&#8221; text_text_color=&#8221;#ffffff&#8221; text_font_size=&#8221;18px&#8221; text_line_height=&#8221;1.8em&#8221; header_font=&#8221;Nunito Sans|700|||||||&#8221; header_font_size=&#8221;45px&#8221; header_line_height=&#8221;1.3em&#8221; header_2_font=&#8221;||||||||&#8221; text_orientation=&#8221;center&#8221; background_layout=&#8221;dark&#8221; max_width=&#8221;700px&#8221; module_alignment=&#8221;center&#8221; header_font_size_tablet=&#8221;&#8221; header_font_size_phone=&#8221;35px&#8221; header_font_size_last_edited=&#8221;on|phone&#8221;]<\/p>\n<h1>COACHING INDIVIDUAL PER A EMPRESES<\/h1>\n<p>Cada dia m\u00e9s, les empreses s\u00f3n m\u00e9s conscients de cuidar als seus empleats. Oferir-los sessions individuals s&#8217;ha demostrat una eina per a l&#8217;augment del rendiment i la satisfacci\u00f3.<br \/>\n[\/et_pb_text][et_pb_button button_url=&#8221;tel:\/\/695015569&#8243; url_new_window=&#8221;on&#8221; button_text=&#8221;TELEFONA&#8217;M ARA &#8211; 695 015 569&#8243; button_alignment=&#8221;center&#8221; _builder_version=&#8221;4.0.9&#8243; custom_button=&#8221;on&#8221; button_text_color=&#8221;#ffffff&#8221; button_bg_color=&#8221;#e09900&#8243; button_border_color=&#8221;#e09900&#8243; button_font=&#8221;||||||||&#8221; button_text_size_tablet=&#8221;&#8221; button_text_size_phone=&#8221;18px&#8221; button_text_size_last_edited=&#8221;on|phone&#8221; button_text_size__hover_enabled=&#8221;off&#8221; button_one_text_size__hover_enabled=&#8221;off&#8221; button_two_text_size__hover_enabled=&#8221;off&#8221; button_text_color__hover_enabled=&#8221;off&#8221; button_one_text_color__hover_enabled=&#8221;off&#8221; button_two_text_color__hover_enabled=&#8221;off&#8221; button_border_width__hover_enabled=&#8221;off&#8221; button_one_border_width__hover_enabled=&#8221;off&#8221; button_two_border_width__hover_enabled=&#8221;off&#8221; button_border_color__hover_enabled=&#8221;off&#8221; button_one_border_color__hover_enabled=&#8221;off&#8221; button_two_border_color__hover_enabled=&#8221;off&#8221; button_border_radius__hover_enabled=&#8221;off&#8221; button_one_border_radius__hover_enabled=&#8221;off&#8221; button_two_border_radius__hover_enabled=&#8221;off&#8221; button_letter_spacing__hover_enabled=&#8221;off&#8221; button_one_letter_spacing__hover_enabled=&#8221;off&#8221; button_two_letter_spacing__hover_enabled=&#8221;off&#8221; button_bg_color__hover_enabled=&#8221;off&#8221; button_one_bg_color__hover_enabled=&#8221;off&#8221; button_two_bg_color__hover_enabled=&#8221;off&#8221;][\/et_pb_button][\/et_pb_column][\/et_pb_row][\/et_pb_section][et_pb_section fb_built=&#8221;1&#8243; admin_label=&#8221;Features CTA Section&#8221; _builder_version=&#8221;3.22&#8243; custom_padding=&#8221;0|0px|0|0px|false|false&#8221; saved_tabs=&#8221;all&#8221;][et_pb_row column_structure=&#8221;1_2,1_2&#8243; admin_label=&#8221;Left Sided Image&#8221; _builder_version=&#8221;3.25&#8243; custom_padding=&#8221;60px|0px|0|0px|false|false&#8221;][et_pb_column type=&#8221;1_2&#8243; _builder_version=&#8221;3.25&#8243; custom_padding=&#8221;|||&#8221; custom_padding__hover=&#8221;|||&#8221;][et_pb_image src=&#8221;https:\/\/capacitador.es\/wp-content\/uploads\/2018\/07\/coaching-ejecutivo-profesionales-directivos-empresa-profesionales.jpg&#8221; align_tablet=&#8221;center&#8221; align_phone=&#8221;&#8221; align_last_edited=&#8221;on|desktop&#8221; _builder_version=&#8221;3.23&#8243; max_width=&#8221;60%&#8221; module_alignment=&#8221;right&#8221; animation_style=&#8221;zoom&#8221; animation_direction=&#8221;right&#8221; animation_intensity_zoom=&#8221;5%&#8221;][\/et_pb_image][et_pb_text _builder_version=&#8221;3.27.4&#8243; text_font=&#8221;Nunito Sans||||||||&#8221; text_text_color=&#8221;#959baf&#8221; text_font_size=&#8221;16px&#8221; text_line_height=&#8221;1.4em&#8221; header_font=&#8221;||||||||&#8221; header_text_align=&#8221;left&#8221; header_2_font=&#8221;Nunito Sans|700|||||||&#8221; header_2_text_color=&#8221;#535b7c&#8221; header_2_font_size=&#8221;35px&#8221; header_2_line_height=&#8221;1.3em&#8221; header_3_font=&#8221;||||||||&#8221; header_3_text_align=&#8221;right&#8221; header_3_text_color=&#8221;#53567c&#8221; text_orientation=&#8221;right&#8221; max_width=&#8221;700px&#8221; module_alignment=&#8221;center&#8221;]<\/p>\n<h3>Metodologia DBM\u00ae<\/h3>\n<p>Per la metodologia que \u00fas, el <strong>DBM\u00ae<\/strong> i la meua extensa i fruct\u00edfera experi\u00e8ncia, puc afirmar honestament que la meua ajuda sol ser molt m\u00e9s precisa, profunda, duradora i breu que la majoria dels enfocaments tradicionals.<br \/>\n[\/et_pb_text][\/et_pb_column][et_pb_column type=&#8221;1_2&#8243; _builder_version=&#8221;3.25&#8243; custom_padding=&#8221;|||&#8221; custom_padding__hover=&#8221;|||&#8221;][et_pb_text _builder_version=&#8221;3.27.4&#8243; text_font=&#8221;Nunito Sans||||||||&#8221; text_text_color=&#8221;#959baf&#8221; text_font_size=&#8221;16px&#8221; text_line_height=&#8221;1.4em&#8221; header_font=&#8221;||||||||&#8221; header_text_align=&#8221;left&#8221; header_2_font=&#8221;Nunito Sans|700|||||||&#8221; header_2_text_color=&#8221;#535b7c&#8221; header_2_font_size=&#8221;35px&#8221; header_2_line_height=&#8221;1.3em&#8221; header_3_font=&#8221;||||||||&#8221; header_3_text_color=&#8221;#53567c&#8221; max_width=&#8221;700px&#8221; module_alignment=&#8221;center&#8221;]<\/p>\n<h3>Coaching Individual per a Empreses<\/h3>\n<p>Aquest servei est\u00e0 pensat per a aquelles empreses que volen ajudar a alguns dels seus empleats a superar dificultats puntuals, transici\u00f3 a nous rols, potenciar el lideratge o a aprendre a reflexionar fruct\u00edferament.<\/p>\n<p>La direcci\u00f3 contracta aquest servei com a est\u00edmul per als seus empleats.\u2028<\/p>\n<p>Amb freq\u00fc\u00e8ncia la formaci\u00f3 in company no cobreix les necessitats de certs empleats: directius o especialistes d&#8217;una empresa, es troben amb bloquejos mentals, s&#8217;enfronten amb reptes que requereixen un esfor\u00e7 de creativitat extra o necessiten adaptar-se a situacions canviants.<\/p>\n<p>Quan atenc individualment a una persona, em concentre a ajudar-li a crear un nou punt de vista per a millorar el seu rendiment i el seu benestar per a poder continuar amb el seu treball.<br \/>\n[\/et_pb_text][\/et_pb_column][\/et_pb_row][et_pb_row admin_label=&#8221;Section Title&#8221; _builder_version=&#8221;3.25&#8243; custom_margin=&#8221;|||&#8221; custom_padding=&#8221;40px|0px|0|0px|false|false&#8221; locked=&#8221;off&#8221;][et_pb_column type=&#8221;4_4&#8243; _builder_version=&#8221;3.25&#8243; custom_padding=&#8221;|||&#8221; custom_padding__hover=&#8221;|||&#8221;][et_pb_text _builder_version=&#8221;3.27.4&#8243; text_font=&#8221;Nunito Sans||||||||&#8221; text_text_color=&#8221;#959baf&#8221; text_font_size=&#8221;16px&#8221; text_line_height=&#8221;1.5em&#8221; header_font=&#8221;||||||||&#8221; header_text_align=&#8221;left&#8221; header_2_font=&#8221;Nunito Sans|700|||||||&#8221; header_2_text_color=&#8221;#535b7c&#8221; header_2_font_size=&#8221;22px&#8221; header_2_line_height=&#8221;1.3em&#8221; text_orientation=&#8221;center&#8221; max_width=&#8221;700px&#8221; module_alignment=&#8221;center&#8221;]<\/p>\n<h2 style=\"text-align: center;\">Aquest treball individual \u00e9s apropiat per a:<\/h2>\n<p>&nbsp;<br \/>\n[\/et_pb_text][\/et_pb_column][\/et_pb_row][et_pb_row column_structure=&#8221;1_2,1_2&#8243; admin_label=&#8221;Left Sided Image&#8221; _builder_version=&#8221;3.25&#8243; custom_padding=&#8221;0|0px|0|0px|false|false&#8221;][et_pb_column type=&#8221;1_2&#8243; _builder_version=&#8221;3.25&#8243; custom_padding=&#8221;|||&#8221; custom_padding__hover=&#8221;|||&#8221;][et_pb_text _builder_version=&#8221;3.27.4&#8243; text_font=&#8221;Nunito Sans||||||||&#8221; text_text_color=&#8221;#959baf&#8221; text_font_size=&#8221;16px&#8221; text_line_height=&#8221;1.4em&#8221; header_font=&#8221;||||||||&#8221; header_text_align=&#8221;left&#8221; header_2_font=&#8221;Nunito Sans|700|||||||&#8221; header_2_text_color=&#8221;#535b7c&#8221; header_2_font_size=&#8221;35px&#8221; header_2_line_height=&#8221;1.3em&#8221; header_3_font=&#8221;||||||||&#8221; header_3_text_color=&#8221;#53567c&#8221; max_width=&#8221;700px&#8221; module_alignment=&#8221;center&#8221;]<\/p>\n<ul>\n<li>Reubicaci\u00f3 en un nou departament.<\/li>\n<li>Desenvolupament d&#8217;habilitats de lideratge\/seguidatge.<\/li>\n<li>Reduir l&#8217;estr\u00e8s i millorar la salut i benestar.<\/li>\n<li>Reflexionar creativa i efica\u00e7ment.<\/li>\n<li>Adaptaci\u00f3 a nous equips o cultures estrangeres.\u2028<\/li>\n<li>Aprendre a delegar.\u2028<\/li>\n<li>Millorar la comunicaci\u00f3 interpersonal.<\/li>\n<li>Augment de la productivitat.<\/li>\n<li>Superar l&#8217;exc\u00e9s de perfeccionisme.<\/li>\n<li>Potenciar capacitats socials.<\/li>\n<\/ul>\n<p>[\/et_pb_text][\/et_pb_column][et_pb_column type=&#8221;1_2&#8243; _builder_version=&#8221;3.25&#8243; custom_padding=&#8221;|||&#8221; custom_padding__hover=&#8221;|||&#8221;][et_pb_text _builder_version=&#8221;3.27.4&#8243; text_font=&#8221;Nunito Sans||||||||&#8221; text_text_color=&#8221;#959baf&#8221; text_font_size=&#8221;16px&#8221; text_line_height=&#8221;1.4em&#8221; header_font=&#8221;||||||||&#8221; header_text_align=&#8221;left&#8221; header_2_font=&#8221;Nunito Sans|700|||||||&#8221; header_2_text_color=&#8221;#535b7c&#8221; header_2_font_size=&#8221;35px&#8221; header_2_line_height=&#8221;1.3em&#8221; header_3_font=&#8221;||||||||&#8221; header_3_text_color=&#8221;#53567c&#8221; max_width=&#8221;700px&#8221; module_alignment=&#8221;center&#8221;]<\/p>\n<ul>\n<li>Analitzar millor els problemes per a desenvolupar solucions s\u00f2lides.<\/li>\n<li>Apreciar els avan\u00e7os de la carrera professional.<\/li>\n<li>Increment de la seguretat en si mateix.<\/li>\n<li>Fomentar capacitats d&#8217;aprenentatge: idiomes, noves tecnologies, etc.<\/li>\n<li>Identificar punts forts per a continuar desenvolupant-los.<\/li>\n<li>Habilitats per a gestionar conflictes.<\/li>\n<li>Capacitats de visi\u00f3 estrat\u00e8gica.<\/li>\n<li>Saber utilitzar la retroalimentaci\u00f3.<\/li>\n<li>Aprendre a escoltar i empatitzar, deixant prejudicis apart.<\/li>\n<\/ul>\n<p>[\/et_pb_text][\/et_pb_column][\/et_pb_row][et_pb_row admin_label=&#8221;Section Title&#8221; _builder_version=&#8221;3.25&#8243; custom_margin=&#8221;|||&#8221; custom_padding=&#8221;40px|0px|0|0px|false|false&#8221; locked=&#8221;off&#8221;][et_pb_column type=&#8221;4_4&#8243; _builder_version=&#8221;3.25&#8243; custom_padding=&#8221;|||&#8221; custom_padding__hover=&#8221;|||&#8221;][et_pb_text _builder_version=&#8221;3.27.4&#8243; text_font=&#8221;Nunito Sans||||||||&#8221; text_text_color=&#8221;#959baf&#8221; text_font_size=&#8221;16px&#8221; text_line_height=&#8221;1.5em&#8221; header_font=&#8221;||||||||&#8221; header_text_align=&#8221;left&#8221; header_2_font=&#8221;Nunito Sans|700|||||||&#8221; header_2_text_color=&#8221;#535b7c&#8221; header_2_font_size=&#8221;22px&#8221; header_2_line_height=&#8221;1.3em&#8221; text_orientation=&#8221;center&#8221; max_width=&#8221;700px&#8221; module_alignment=&#8221;center&#8221;]<\/p>\n<h2 style=\"text-align: center;\">Sesiones presenciales en la propia organizaci\u00f3n, en Valencia o por videoconferencia.<\/h2>\n<p>&nbsp;<br \/>\n[\/et_pb_text][et_pb_button url_new_window=&#8221;on&#8221; button_text=&#8221;TELEFONA&#8217;M ARA &#8211; 695 015 569&#8243; button_alignment=&#8221;center&#8221; _builder_version=&#8221;4.0.9&#8243; custom_button=&#8221;on&#8221; button_text_color=&#8221;#ffffff&#8221; button_bg_color=&#8221;#e09900&#8243; button_border_color=&#8221;#e09900&#8243; button_font=&#8221;||||||||&#8221; hover_enabled=&#8221;0&#8243; button_text_size_tablet=&#8221;&#8221; button_text_size_phone=&#8221;18px&#8221; button_text_size_last_edited=&#8221;on|phone&#8221; button_text_size__hover_enabled=&#8221;off&#8221; button_one_text_size__hover_enabled=&#8221;off&#8221; button_two_text_size__hover_enabled=&#8221;off&#8221; button_text_color__hover_enabled=&#8221;off&#8221; button_one_text_color__hover_enabled=&#8221;off&#8221; button_two_text_color__hover_enabled=&#8221;off&#8221; button_border_width__hover_enabled=&#8221;off&#8221; button_one_border_width__hover_enabled=&#8221;off&#8221; button_two_border_width__hover_enabled=&#8221;off&#8221; button_border_color__hover_enabled=&#8221;off&#8221; button_one_border_color__hover_enabled=&#8221;off&#8221; button_two_border_color__hover_enabled=&#8221;off&#8221; button_border_radius__hover_enabled=&#8221;off&#8221; button_one_border_radius__hover_enabled=&#8221;off&#8221; button_two_border_radius__hover_enabled=&#8221;off&#8221; button_letter_spacing__hover_enabled=&#8221;off&#8221; button_one_letter_spacing__hover_enabled=&#8221;off&#8221; button_two_letter_spacing__hover_enabled=&#8221;off&#8221; button_bg_color__hover_enabled=&#8221;off&#8221; button_one_bg_color__hover_enabled=&#8221;off&#8221; button_two_bg_color__hover_enabled=&#8221;off&#8221; button_url=&#8221;tel:\/\/695015569&#8243;][\/et_pb_button][\/et_pb_column][\/et_pb_row][\/et_pb_section][et_pb_section fb_built=&#8221;1&#8243; admin_label=&#8221;Testimonial&#8221; _builder_version=&#8221;3.22&#8243; custom_padding=&#8221;50px|0px|100px|0px|false|false&#8221;][\/et_pb_section][et_pb_section fb_built=&#8221;1&#8243; admin_label=&#8221;Get Started CTA&#8221; _builder_version=&#8221;3.22&#8243; background_color=&#8221;#05a280&#8243; custom_padding=&#8221;0px|0px|100px|0px&#8221; box_shadow_style=&#8221;preset3&#8243; box_shadow_vertical=&#8221;160px&#8221; box_shadow_blur=&#8221;0px&#8221; box_shadow_spread=&#8221;-80px&#8221; box_shadow_color=&#8221;#ffffff&#8221; box_shadow_position=&#8221;inner&#8221; saved_tabs=&#8221;all&#8221;][\/et_pb_section]<\/p>\n","protected":false},"excerpt":{"rendered":"<p>COACHING INDIVIDUAL PER A EMPRESES Cada dia m\u00e9s, les empreses s\u00f3n m\u00e9s conscients de cuidar als seus empleats. Oferir-los sessions individuals s&#8217;ha demostrat una eina per a l&#8217;augment del rendiment i la satisfacci\u00f3. Metodologia DBM\u00ae Per la metodologia que \u00fas, el DBM\u00ae i la meua extensa i fruct\u00edfera experi\u00e8ncia, puc afirmar honestament que la meua [&hellip;]<\/p>\n","protected":false},"author":1,"featured_media":0,"parent":0,"menu_order":0,"comment_status":"closed","ping_status":"closed","template":"","meta":{"_et_pb_use_builder":"on","_et_pb_old_content":"","_et_gb_content_width":"","footnotes":""},"class_list":["post-31281","page","type-page","status-publish","hentry"],"aioseo_notices":[],"_links":{"self":[{"href":"https:\/\/capacitador.es\/ca\/wp-json\/wp\/v2\/pages\/31281","targetHints":{"allow":["GET"]}}],"collection":[{"href":"https:\/\/capacitador.es\/ca\/wp-json\/wp\/v2\/pages"}],"about":[{"href":"https:\/\/capacitador.es\/ca\/wp-json\/wp\/v2\/types\/page"}],"author":[{"embeddable":true,"href":"https:\/\/capacitador.es\/ca\/wp-json\/wp\/v2\/users\/1"}],"replies":[{"embeddable":true,"href":"https:\/\/capacitador.es\/ca\/wp-json\/wp\/v2\/comments?post=31281"}],"version-history":[{"count":4,"href":"https:\/\/capacitador.es\/ca\/wp-json\/wp\/v2\/pages\/31281\/revisions"}],"predecessor-version":[{"id":40009,"href":"https:\/\/capacitador.es\/ca\/wp-json\/wp\/v2\/pages\/31281\/revisions\/40009"}],"wp:attachment":[{"href":"https:\/\/capacitador.es\/ca\/wp-json\/wp\/v2\/media?parent=31281"}],"curies":[{"name":"wp","href":"https:\/\/api.w.org\/{rel}","templated":true}]}}