{"id":31238,"date":"2018-09-08T18:53:51","date_gmt":"2018-09-08T16:53:51","guid":{"rendered":"https:\/\/capacitador.es\/contacte\/"},"modified":"2020-03-26T18:11:57","modified_gmt":"2020-03-26T17:11:57","slug":"contacte","status":"publish","type":"page","link":"https:\/\/capacitador.es\/ca\/contacte\/","title":{"rendered":"CONTACTE"},"content":{"rendered":"<p>[et_pb_section fb_built=&#8221;1&#8243; admin_label=&#8221;Center Aligned Text &#8221; _builder_version=&#8221;3.22.3&#8243; background_color=&#8221;#f8fbfe&#8221; use_background_color_gradient=&#8221;on&#8221; background_color_gradient_start=&#8221;#262423&#8243; background_color_gradient_end=&#8221;#59a389&#8243; background_color_gradient_direction=&#8221;135deg&#8221; background_image=&#8221;https:\/\/capacitador.es\/wp-content\/uploads\/2018\/07\/carles-porcel-coaching-pnl-dbm-valencia-espana.jpg&#8221; background_position=&#8221;center_left&#8221; background_blend=&#8221;overlay&#8221; custom_padding=&#8221;5%|0px|5%|0px|false|false&#8221; animation_style=&#8221;zoom&#8221; animation_direction=&#8221;bottom&#8221; animation_intensity_zoom=&#8221;8%&#8221; animation_starting_opacity=&#8221;100%&#8221;][et_pb_row _builder_version=&#8221;3.25&#8243;][et_pb_column type=&#8221;4_4&#8243; _builder_version=&#8221;3.25&#8243; custom_padding=&#8221;|||&#8221; custom_padding__hover=&#8221;|||&#8221;][et_pb_text _builder_version=&#8221;3.27.4&#8243; text_font=&#8221;Nunito Sans||||||||&#8221; text_text_color=&#8221;#ffffff&#8221; text_font_size=&#8221;18px&#8221; text_line_height=&#8221;1.8em&#8221; header_font=&#8221;Nunito Sans|700|||||||&#8221; header_font_size=&#8221;45px&#8221; header_line_height=&#8221;1.3em&#8221; header_2_font=&#8221;||||||||&#8221; text_orientation=&#8221;center&#8221; background_layout=&#8221;dark&#8221; max_width=&#8221;700px&#8221; module_alignment=&#8221;center&#8221; header_font_size_tablet=&#8221;&#8221; header_font_size_phone=&#8221;35px&#8221; header_font_size_last_edited=&#8221;on|phone&#8221;]<\/p>\n<h1>CONTACTE<\/h1>\n<p>[\/et_pb_text][et_pb_button button_url=&#8221;tel:\/\/963343190&#8243; button_text=&#8221;TELEFONA&#8217;M ARA &#8211; 695 015 569&#8243; button_alignment=&#8221;center&#8221; _builder_version=&#8221;4.0.9&#8243; custom_button=&#8221;on&#8221; button_text_color=&#8221;#ffffff&#8221; button_bg_color=&#8221;#e09900&#8243; button_border_color=&#8221;#e09900&#8243; button_font=&#8221;||||||||&#8221; button_text_size_tablet=&#8221;&#8221; button_text_size_phone=&#8221;18px&#8221; button_text_size_last_edited=&#8221;on|phone&#8221; button_text_size__hover_enabled=&#8221;off&#8221; button_one_text_size__hover_enabled=&#8221;off&#8221; button_two_text_size__hover_enabled=&#8221;off&#8221; button_text_color__hover_enabled=&#8221;off&#8221; button_one_text_color__hover_enabled=&#8221;off&#8221; button_two_text_color__hover_enabled=&#8221;off&#8221; button_border_width__hover_enabled=&#8221;off&#8221; button_one_border_width__hover_enabled=&#8221;off&#8221; button_two_border_width__hover_enabled=&#8221;off&#8221; button_border_color__hover_enabled=&#8221;off&#8221; button_one_border_color__hover_enabled=&#8221;off&#8221; button_two_border_color__hover_enabled=&#8221;off&#8221; button_border_radius__hover_enabled=&#8221;off&#8221; button_one_border_radius__hover_enabled=&#8221;off&#8221; button_two_border_radius__hover_enabled=&#8221;off&#8221; button_letter_spacing__hover_enabled=&#8221;off&#8221; button_one_letter_spacing__hover_enabled=&#8221;off&#8221; button_two_letter_spacing__hover_enabled=&#8221;off&#8221; button_bg_color__hover_enabled=&#8221;off&#8221; button_one_bg_color__hover_enabled=&#8221;off&#8221; button_two_bg_color__hover_enabled=&#8221;off&#8221;][\/et_pb_button][\/et_pb_column][\/et_pb_row][\/et_pb_section][et_pb_section fb_built=&#8221;1&#8243; specialty=&#8221;on&#8221; admin_label=&#8221;section&#8221; _builder_version=&#8221;3.22.3&#8243; custom_padding=&#8221;30px|0px|0px|0px&#8221; transparent_background=&#8221;off&#8221;][et_pb_column type=&#8221;1_2&#8243; specialty_columns=&#8221;2&#8243; _builder_version=&#8221;3.25&#8243; custom_padding=&#8221;|||&#8221; custom_padding__hover=&#8221;|||&#8221;][et_pb_row_inner _builder_version=&#8221;3.25&#8243;][et_pb_column_inner saved_specialty_column_type=&#8221;1_2&#8243; _builder_version=&#8221;3.25&#8243; custom_padding=&#8221;|||&#8221; custom_padding__hover=&#8221;|||&#8221;][et_pb_team_member name=&#8221;CARLES PORCEL&#8221; position=&#8221;DIRECTOR CAPACITADOR.ES&#8221; image_url=&#8221;https:\/\/capacitador.es\/wp-content\/uploads\/2018\/07\/carles-porcel-pnl-dbm-valencia-espana-coach-foto-perfil.png&#8221; icon_color=&#8221;#333333&#8243; admin_label=&#8221;Person&#8221; _builder_version=&#8221;3.21.4&#8243; header_font=&#8221;||||||||&#8221; header_font_size=&#8221;30px&#8221; header_line_height=&#8221;1.7em&#8221; body_font=&#8221;||||||||&#8221; body_font_size=&#8221;15px&#8221; body_line_height=&#8221;1.4em&#8221; background_size=&#8221;initial&#8221; background_position=&#8221;top_left&#8221; background_repeat=&#8221;repeat&#8221; custom_margin=&#8221;|100px||100px&#8221; custom_margin_tablet=&#8221;|20px||20px&#8221; custom_margin_phone=&#8221;&#8221; custom_margin_last_edited=&#8221;on|phone&#8221; custom_padding=&#8221;40px|40px|40px|40px&#8221; header_font_size_tablet=&#8221;&#8221; header_font_size_phone=&#8221;25px&#8221; header_font_size_last_edited=&#8221;on|phone&#8221; border_width_all=&#8221;0px&#8221; border_color_all=&#8221;#edecec&#8221; border_style_all=&#8221;solid&#8221; use_border_color=&#8221;on&#8221; border_color=&#8221;#edecec&#8221; border_style=&#8221;solid&#8221; icon_hover_color=&#8221;#9f9f9f&#8221; icon_color__hover=&#8221;#9f9f9f&#8221; icon_color__hover_enabled=&#8221;on&#8221;]<\/p>\n<p>Estrat\u00e8gies per al teu creixement personal, desenvolupament professional i optimitzaci\u00f3 d&#8217;organitzacions.<\/p>\n<p>[\/et_pb_team_member][et_pb_cta title=&#8221;TELEFONA&#8217;M PER A QUE T&#8217;ORIENTE&#8221; button_url=&#8221;tel:\/\/963343190&#8243; url_new_window=&#8221;on&#8221; button_text=&#8221;TELEFONA&#8221; _builder_version=&#8221;4.0.9&#8243; header_font=&#8221;||||||||&#8221; background_color=&#8221;#05a280&#8243; use_background_color_gradient=&#8221;on&#8221; background_color_gradient_start=&#8221;#05a280&#8243; background_color_gradient_end=&#8221;#05a280&#8243; custom_button=&#8221;on&#8221; button_text_color=&#8221;#ffffff&#8221; button_bg_color=&#8221;#e09900&#8243; button_border_color=&#8221;#e09900&#8243; button_font=&#8221;||||||||&#8221; box_shadow_style=&#8221;preset2&#8243; button_text_size__hover_enabled=&#8221;off&#8221; button_one_text_size__hover_enabled=&#8221;off&#8221; button_two_text_size__hover_enabled=&#8221;off&#8221; button_text_color__hover_enabled=&#8221;off&#8221; button_one_text_color__hover_enabled=&#8221;off&#8221; button_two_text_color__hover_enabled=&#8221;off&#8221; button_border_width__hover_enabled=&#8221;off&#8221; button_one_border_width__hover_enabled=&#8221;off&#8221; button_two_border_width__hover_enabled=&#8221;off&#8221; button_border_color__hover_enabled=&#8221;off&#8221; button_one_border_color__hover_enabled=&#8221;off&#8221; button_two_border_color__hover_enabled=&#8221;off&#8221; button_border_radius__hover_enabled=&#8221;off&#8221; button_one_border_radius__hover_enabled=&#8221;off&#8221; button_two_border_radius__hover_enabled=&#8221;off&#8221; button_letter_spacing__hover_enabled=&#8221;off&#8221; button_one_letter_spacing__hover_enabled=&#8221;off&#8221; button_two_letter_spacing__hover_enabled=&#8221;off&#8221; button_bg_color__hover_enabled=&#8221;off&#8221; button_one_bg_color__hover_enabled=&#8221;off&#8221; button_two_bg_color__hover_enabled=&#8221;off&#8221;]<\/p>\n<h3 style=\"text-align: center;\"><strong>695 015 569<\/strong><\/h3>\n<p>[\/et_pb_cta][\/et_pb_column_inner][\/et_pb_row_inner][\/et_pb_column][et_pb_column type=&#8221;1_2&#8243; _builder_version=&#8221;3.25&#8243; custom_padding=&#8221;|||&#8221; custom_padding__hover=&#8221;|||&#8221;][et_pb_text admin_label=&#8221;Text&#8221; _builder_version=&#8221;4.0.9&#8243; text_line_height=&#8221;1.5em&#8221; background_size=&#8221;initial&#8221; background_position=&#8221;top_left&#8221; background_repeat=&#8221;repeat&#8221; use_border_color=&#8221;off&#8221; border_style=&#8221;solid&#8221;]<\/p>\n<h1>CONTACTE<\/h1>\n<p>&nbsp;<\/p>\n<p><strong>Correu-e:\u00a0<\/strong>\u00a0<a href=\"&#x6d;a&#x69;l&#x74;&#111;&#x3a;&#99;a&#x72;l&#x65;&#115;&#x40;&#99;&#x61;&#112;a&#x63;i&#x74;&#97;&#x64;&#111;&#x72;&#x2e;e&#x73;\">carles[@]capacitador.es<\/a>.<\/p>\n<p><strong>Tel\u00e8fon m\u00f2bil: <\/strong><a href=\"tel:\/\/695015569\" target=\"_blank\" rel=\"noopener noreferrer\">695 015 569<\/a>. ( Whatsapp\/Telegram)<\/p>\n<p><strong>Tel\u00e8fon Internacional:<\/strong> <a href=\"tel:\/\/+0034695015569\" target=\"_blank\" rel=\"noopener noreferrer\">(00 34) 695 015 569<\/a><\/p>\n<p>Per a visitar-nos, sempre hi ha que concertar la visita pr\u00e8viament.<\/p>\n<p><strong>Adre\u00e7a postal e identificaci\u00f3 fiscal<\/strong><\/p>\n<p><strong>Capacitador\u00a0<\/strong>(Abans PeNeLers)<br \/>Carles Porcel L\u00f3pez<br \/>NIF 39 321 889 P<br \/>Marqu\u00e9s de Lozoya, 1\u00a0\u00a0 1r pis 1\u00aa porta\u00a0\u00a0 (Davant del n\u00ba 9 de Institut Obrer de Val\u00e8ncia)<br \/>46013 Val\u00e8ncia<br \/>Espanya<\/p>\n<p><strong>Transport p\u00fablic<\/strong><\/p>\n<p>Autobusos de l&#8217;<a href=\"http:\/\/www.emtvalencia.es\/geoportal\/\" target=\"_blank\" rel=\"noopener noreferrer\">EMT<\/a>: 6, 13, 14, 15, 18, 35, 95 y 99.<\/p>\n<p><a href=\"http:\/\/www.valenbisi.es\/\">Valenbisi<\/a>\u00a0estaci\u00f3 n\u00ba 46\u00a0 Pintor Luis Arcas \u2013 Inst. Obrer Valenci\u00e0<\/p>\n<p>[\/et_pb_text][\/et_pb_column][\/et_pb_section][et_pb_section fb_built=&#8221;1&#8243; admin_label=&#8221;section&#8221; _builder_version=&#8221;3.22.3&#8243; custom_padding=&#8221;54px|0px|0|0px|false|false&#8221; transparent_background=&#8221;off&#8221;][et_pb_row use_custom_gutter=&#8221;on&#8221; custom_padding_last_edited=&#8221;on|tablet&#8221; admin_label=&#8221;row&#8221; _builder_version=&#8221;3.25&#8243; background_size=&#8221;initial&#8221; background_position=&#8221;top_left&#8221; background_repeat=&#8221;repeat&#8221; custom_padding=&#8221;30px|0px|30px|0px&#8221; custom_padding_tablet=&#8221;10px||40px|&#8221; custom_padding_phone=&#8221;&#8221;][et_pb_column type=&#8221;4_4&#8243; _builder_version=&#8221;3.25&#8243; custom_padding=&#8221;|||&#8221; custom_padding__hover=&#8221;|||&#8221;][et_pb_text _builder_version=&#8221;3.27.4&#8243; text_font=&#8221;Nunito Sans||||||||&#8221; text_text_color=&#8221;#959baf&#8221; text_font_size=&#8221;16px&#8221; text_line_height=&#8221;1.5em&#8221; header_font=&#8221;||||||||&#8221; header_text_align=&#8221;left&#8221; header_2_font=&#8221;Nunito Sans|700|||||||&#8221; header_2_text_color=&#8221;#535b7c&#8221; header_2_font_size=&#8221;22px&#8221; header_2_line_height=&#8221;1.3em&#8221; text_orientation=&#8221;center&#8221; max_width=&#8221;700px&#8221; module_alignment=&#8221;center&#8221;]<\/p>\n<h2 style=\"text-align: center;\">Planol de Situaci\u00f3<\/h2>\n<p>[\/et_pb_text][\/et_pb_column][\/et_pb_row][\/et_pb_section][et_pb_section fb_built=&#8221;1&#8243; fullwidth=&#8221;on&#8221; admin_label=&#8221;section&#8221; _builder_version=&#8221;3.22.3&#8243; custom_padding=&#8221;0px|0px|0px|0px&#8221; transparent_background=&#8221;off&#8221;][et_pb_fullwidth_map address=&#8221;Carrer del Marqu\u00e9s de Lozoya, 1, 46013 Val\u00e8ncia, Valencia, Espa\u00f1a&#8221; address_lat=&#8221;39.4548082&#8243; address_lng=&#8221;-0.35939529999996&#8243; mouse_wheel=&#8221;off&#8221; admin_label=&#8221;Fullwidth Map&#8221; _builder_version=&#8221;3.10.1&#8243;][et_pb_map_pin title=&#8221;Capacitador.es &#8211; Carles Porcel&#8221; pin_address=&#8221;Carrer del Marqu\u00e9s de Lozoya, 1, 46013 Val\u00e8ncia, Valencia, Espa\u00f1a&#8221; pin_address_lat=&#8221;39.4548082&#8243; pin_address_lng=&#8221;-0.35939529999996&#8243; _builder_version=&#8221;3.10.1&#8243;]Marqu\u00e9s de Lozoya, 1\u00a0\u00a0 1-1 (Delante del n\u00ba 9 de Institut Obrer de Val\u00e8ncia)<br \/>\n46013 Val\u00e8ncia<\/p>\n<p>T: 963 343 190<br \/>\nM: 695 015 569<br \/>\n[\/et_pb_map_pin][\/et_pb_fullwidth_map][\/et_pb_section][et_pb_section fb_built=&#8221;1&#8243; admin_label=&#8221;section&#8221; _builder_version=&#8221;3.22.3&#8243; transparent_background=&#8221;off&#8221;][et_pb_row column_structure=&#8221;2_3,1_3&#8243; admin_label=&#8221;CTA Row&#8221; _builder_version=&#8221;3.25&#8243; background_color_gradient_direction=&#8221;243deg&#8221; custom_padding=&#8221;32px|0px||0px&#8221; border_radii=&#8221;on|4px|4px|4px|4px&#8221;][et_pb_column type=&#8221;2_3&#8243; _builder_version=&#8221;3.25&#8243; background_color=&#8221;#05a280&#8243; use_background_color_gradient=&#8221;on&#8221; background_color_gradient_start=&#8221;#05a280&#8243; background_color_gradient_end=&#8221;#1f9378&#8243; background_color_gradient_direction=&#8221;45deg&#8221; custom_padding=&#8221;30px|30px|30px|30px&#8221; custom_padding_tablet=&#8221;&#8221; custom_padding_phone=&#8221;|10px||10px&#8221; custom_padding_last_edited=&#8221;on|phone&#8221; custom_padding__hover=&#8221;|||&#8221;][et_pb_text _builder_version=&#8221;4.0.9&#8243; text_font=&#8221;Nunito Sans||||||||&#8221; text_text_color=&#8221;#ffffff&#8221; text_line_height=&#8221;1.2em&#8221; header_font=&#8221;Nunito Sans||||||||&#8221; header_text_align=&#8221;left&#8221; header_text_color=&#8221;#ffffff&#8221; header_font_size=&#8221;35px&#8221; header_line_height=&#8221;1.4em&#8221; header_2_font=&#8221;Nunito Sans|700|||||||&#8221; header_2_text_align=&#8221;left&#8221; header_2_text_color=&#8221;#ffffff&#8221; header_2_font_size=&#8221;35px&#8221; header_2_line_height=&#8221;1.4em&#8221; header_3_font=&#8221;||||||||&#8221; header_4_font=&#8221;||||||||&#8221; header_5_font=&#8221;||||||||&#8221; header_6_font=&#8221;||||||||&#8221; custom_margin=&#8221;||| &#8221; hover_enabled=&#8221;0&#8243;]<\/p>\n<h2>Subscriu-te gratis al butllet\u00ed<\/h2>\n<p>Subscriu-te gratis al nostre butllet\u00ed.<br \/>Rebr\u00e0s regularment informaci\u00f3 de les nostres activitats que ajuden a:<\/p>\n<p>* Guanyar qualitat de vida i equilibri emocional.<br \/>* Reinventar o potenciar la carrera professional.<br \/>* Millorar la comunicaci\u00f3 amb els companys de treball, caps o fam\u00edlia.<br \/>* Guanyar efectivitat i rendiment en el treball.<br \/>* Millorar la motivaci\u00f3 per a fer m\u00e9s f\u00e0cil aconseguir els prop\u00f2sits.<\/p>\n<p>Si vols que t&#8217;oriente gratu\u00eftament sobre la teua situaci\u00f3 particular,<br \/>telefona&#8217;m al 695 015 569 i t&#8217;atendr\u00e9 personalment.<\/p>\n<p>[\/et_pb_text][et_pb_code]\n<div class=\"wpcf7 no-js\" id=\"wpcf7-f29697-o1\" lang=\"es-ES\" dir=\"ltr\" data-wpcf7-id=\"29697\">\n<div class=\"screen-reader-response\"><p role=\"status\" aria-live=\"polite\" aria-atomic=\"true\"><\/p> <ul><\/ul><\/div>\n<form action=\"\/ca\/wp-json\/wp\/v2\/pages\/31238#wpcf7-f29697-o1\" method=\"post\" class=\"wpcf7-form init\" aria-label=\"Formulario de contacto\" novalidate=\"novalidate\" data-status=\"init\">\n<fieldset class=\"hidden-fields-container\"><input type=\"hidden\" name=\"_wpcf7\" value=\"29697\" \/><input type=\"hidden\" name=\"_wpcf7_version\" value=\"6.1.5\" \/><input type=\"hidden\" name=\"_wpcf7_locale\" value=\"es_ES\" \/><input type=\"hidden\" name=\"_wpcf7_unit_tag\" value=\"wpcf7-f29697-o1\" \/><input type=\"hidden\" name=\"_wpcf7_container_post\" value=\"0\" \/><input type=\"hidden\" name=\"_wpcf7_posted_data_hash\" value=\"\" \/><input type=\"hidden\" name=\"_wpcf7_recaptcha_response\" value=\"\" \/>\n<\/fieldset>\n<font color=#ffffff>\n\t<p><span class=\"wpcf7-form-control-wrap\" data-name=\"your-name\"><input size=\"40\" maxlength=\"400\" class=\"wpcf7-form-control wpcf7-text wpcf7-validates-as-required\" aria-required=\"true\" aria-invalid=\"false\" placeholder=\"Nombre\/Nom*\" value=\"\" type=\"text\" name=\"your-name\" \/><\/span>\n\t<\/p>\n\t<p><span class=\"wpcf7-form-control-wrap\" data-name=\"your-email\"><input size=\"40\" maxlength=\"400\" class=\"wpcf7-form-control wpcf7-email wpcf7-validates-as-required wpcf7-text wpcf7-validates-as-email\" aria-required=\"true\" aria-invalid=\"false\" placeholder=\"Email*\" value=\"\" type=\"email\" name=\"your-email\" \/><\/span>\n\t<\/p>\n\t<p>Idioma *<br \/>\n<span class=\"wpcf7-form-control-wrap\" data-name=\"Idioma\"><select class=\"wpcf7-form-control wpcf7-select wpcf7-validates-as-required\" aria-required=\"true\" aria-invalid=\"false\" name=\"Idioma\"><option value=\"\"><\/option><option value=\"Castellano\">Castellano<\/option><option value=\"Valenci\u00e0\">Valenci\u00e0<\/option><\/select><\/span>\n\t<\/p>\n\t<p><span class=\"wpcf7-form-control-wrap\" data-name=\"telefono\"><input size=\"40\" maxlength=\"400\" class=\"wpcf7-form-control wpcf7-text\" aria-invalid=\"false\" placeholder=\"Tel\u00e9fono\/Tel\u00e9fon\" value=\"\" type=\"text\" name=\"telefono\" \/><\/span>\n\t<\/p>\n\t<p><span class=\"wpcf7-form-control-wrap\" data-name=\"acceptance-436\"><span class=\"wpcf7-form-control wpcf7-acceptance\"><span class=\"wpcf7-list-item\"><label><input type=\"checkbox\" name=\"acceptance-436\" value=\"1\" aria-invalid=\"false\" \/><span class=\"wpcf7-list-item-label\">Acepto la <a target=\u201c_blank\u201d href=\"http:\/\/www.capacitador.es\/politica-privacidad\/\" style=\"color: black\"> Pol\u00edtica de Privacidad <\/a><\/span><\/label><\/span><\/span><\/span>\n\t<\/p>\n\t<p><input class=\"wpcf7-form-control wpcf7-submit has-spinner\" type=\"submit\" value=\"Enviar\" \/>\n\t<\/p>\n<\/font><p style=\"display: none !important;\" class=\"akismet-fields-container\" data-prefix=\"_wpcf7_ak_\"><label>&#916;<textarea name=\"_wpcf7_ak_hp_textarea\" cols=\"45\" rows=\"8\" maxlength=\"100\"><\/textarea><\/label><input type=\"hidden\" id=\"ak_js_1\" name=\"_wpcf7_ak_js\" value=\"210\"\/><script>document.getElementById( \"ak_js_1\" ).setAttribute( \"value\", ( new Date() ).getTime() );<\/script><\/p><div class=\"wpcf7-response-output\" aria-hidden=\"true\"><\/div>\n<\/form>\n<\/div>\n[\/et_pb_code][et_pb_toggle title=&#8221;Informaci\u00f3 b\u00e0sica sobre protecci\u00f3 de dades:&#8221; icon_color=&#8221;#ffffff&#8221; admin_label=&#8221;Desplegable Info b\u00e1sica protecci\u00f3n datos&#8221; _builder_version=&#8221;3.10.1&#8243; title_text_color=&#8221;#ffffff&#8221; title_font=&#8221;||||||||&#8221; title_font_size=&#8221;12px&#8221; body_font=&#8221;||||||||&#8221; body_text_color=&#8221;#ffffff&#8221; body_font_size=&#8221;11px&#8221; background_color=&#8221;#05a280&#8243; max_width=&#8221;75%&#8221; max_width_tablet=&#8221;&#8221; max_width_phone=&#8221;&#8221; max_width_last_edited=&#8221;on|phone&#8221; title_font_size_tablet=&#8221;&#8221; title_font_size_phone=&#8221;11px&#8221; title_font_size_last_edited=&#8221;on|phone&#8221; body_font_size_tablet=&#8221;&#8221; body_font_size_phone=&#8221;&#8221; body_font_size_last_edited=&#8221;on|phone&#8221;]<\/p>\n<p><b>Responsable:<\/b>\u00a0Carles Porcel L\u00f3pez<br \/><b>Finalidad:<\/b>\u00a0Informar regularmente de nuestras actividades.<br \/><b>Legitimaci\u00f3n:<\/b>\u00a0Consentimiento expreso del usuario a trav\u00e9s de la selecci\u00f3n de la casilla check de env\u00edo del formulario, haber rellenado un formulario en papel o por llamada telef\u00f3nica. Consentimiento del interesado.<br \/><b>Derechos:<\/b>\u00a0Podr\u00e1 ejercitar los derechos de acceso, rectificaci\u00f3n, supresi\u00f3n, oposici\u00f3n, portabilidad y retirada de consentimiento de sus datos personales en la direcci\u00f3n de correo electr\u00f3nico c&#97;&#114;&#x6c;&#x65;s&#64;&#99;&#x61;&#x70;&#x61;c&#105;&#116;&#x61;&#x64;or&#46;&#x65;&#x73;<\/p>\n<p>[\/et_pb_toggle][\/et_pb_column][et_pb_column type=&#8221;1_3&#8243; _builder_version=&#8221;3.25&#8243; custom_padding=&#8221;|||&#8221; custom_padding__hover=&#8221;|||&#8221;][\/et_pb_column][\/et_pb_row][\/et_pb_section]<\/p>\n","protected":false},"excerpt":{"rendered":"<p>CONTACTEEstrat\u00e8gies per al teu creixement personal, desenvolupament professional i optimitzaci\u00f3 d&#8217;organitzacions.695 015 569CONTACTE &nbsp; Correu-e:\u00a0\u00a0carles[@]capacitador.es. Tel\u00e8fon m\u00f2bil: 695 015 569. ( Whatsapp\/Telegram) Tel\u00e8fon Internacional: (00 34) 695 015 569 Per a visitar-nos, sempre hi ha que concertar la visita pr\u00e8viament. Adre\u00e7a postal e identificaci\u00f3 fiscal Capacitador\u00a0(Abans PeNeLers)Carles Porcel L\u00f3pezNIF 39 321 889 PMarqu\u00e9s de Lozoya, [&hellip;]<\/p>\n","protected":false},"author":1,"featured_media":0,"parent":0,"menu_order":0,"comment_status":"closed","ping_status":"closed","template":"","meta":{"_et_pb_use_builder":"on","_et_pb_old_content":"","_et_gb_content_width":"","footnotes":""},"class_list":["post-31238","page","type-page","status-publish","hentry"],"aioseo_notices":[],"_links":{"self":[{"href":"https:\/\/capacitador.es\/ca\/wp-json\/wp\/v2\/pages\/31238","targetHints":{"allow":["GET"]}}],"collection":[{"href":"https:\/\/capacitador.es\/ca\/wp-json\/wp\/v2\/pages"}],"about":[{"href":"https:\/\/capacitador.es\/ca\/wp-json\/wp\/v2\/types\/page"}],"author":[{"embeddable":true,"href":"https:\/\/capacitador.es\/ca\/wp-json\/wp\/v2\/users\/1"}],"replies":[{"embeddable":true,"href":"https:\/\/capacitador.es\/ca\/wp-json\/wp\/v2\/comments?post=31238"}],"version-history":[{"count":5,"href":"https:\/\/capacitador.es\/ca\/wp-json\/wp\/v2\/pages\/31238\/revisions"}],"predecessor-version":[{"id":39979,"href":"https:\/\/capacitador.es\/ca\/wp-json\/wp\/v2\/pages\/31238\/revisions\/39979"}],"wp:attachment":[{"href":"https:\/\/capacitador.es\/ca\/wp-json\/wp\/v2\/media?parent=31238"}],"curies":[{"name":"wp","href":"https:\/\/api.w.org\/{rel}","templated":true}]}}